{"id":24584,"date":"2023-09-19T13:05:13","date_gmt":"2023-09-19T11:05:13","guid":{"rendered":"https:\/\/www.villadoria.it\/vineyards\/"},"modified":"2025-03-21T14:21:20","modified_gmt":"2025-03-21T13:21:20","slug":"vigneti","status":"publish","type":"page","link":"https:\/\/villadoria.it\/it\/vigneti\/","title":{"rendered":"Vigneti"},"content":{"rendered":"\t\t<div data-elementor-type=\"wp-page\" data-elementor-id=\"24584\" class=\"elementor elementor-24584 elementor-1438\" data-elementor-settings=\"{&quot;cassio_hide_title_disabled&quot;:&quot;yes&quot;}\" data-elementor-post-type=\"page\">\n\t\t\t\t\t\t<section data-particle_enable=\"false\" data-particle-mobile-disabled=\"false\" class=\"elementor-section elementor-top-section elementor-element elementor-element-92eb0ea section_pt bg-dark-2 container-fluid elementor-section-boxed elementor-section-height-default elementor-section-height-default\" data-id=\"92eb0ea\" data-element_type=\"section\" data-e-type=\"section\">\n\t\t\t\t\t\t<div class=\"elementor-container elementor-column-gap-no\">\n\t\t\t\t\t<div class=\"elementor-column elementor-col-100 elementor-top-column elementor-element elementor-element-a81b1b0\" data-id=\"a81b1b0\" data-element_type=\"column\" data-e-type=\"column\">\n\t\t\t<div class=\"elementor-widget-wrap elementor-element-populated\">\n\t\t\t\t\t\t<div class=\"elementor-element elementor-element-2ce973a elementor-widget elementor-widget-cassio-widget-content-block\" data-id=\"2ce973a\" data-element_type=\"widget\" data-e-type=\"widget\" data-widget_type=\"cassio-widget-content-block.default\">\n\t\t\t\t\t\t\t<div class=\"section section-content section-content_columns_1_3 section-content_has-headline\" data-os-animation=\"\">\n\t\t\t<div class=\"row justify-content-between\">\n\t\t\t\t<div class=\"col-12 section-content__header col-lg-10 section-content__header_mb\">\n\t\t\t\t\t<div class=\"split-text js-split-text\" data-split-text-type=\"lines\" data-split-text-set=\"lines\"><h4>I vigneti sono il nostro patrimonio pi\u00f9 importante. Per la gran parte coltivati a Nebbiolo da Barolo, si estendono sul versante ovest delle colline di Serralunga d\u2019Alba, teatro privilegiato per la produzione di vini di qualit\u00e0.<\/h4><\/div>\n\t\t\t\t\t\t\t\t\t<\/div>\n\t\t\t\t\t\t\t\t\t<div class=\"w-100\"><\/div>\n\t\t\t\t\t\t\t\t\t\t\t\t\t<div class=\"col-lg-2 section-content__content\">\n\t\t\t\t\t\t<div class=\"section__headline section-content__headline mr-auto text-left\"><\/div>\n\t\t\t\t\t<\/div>\n\t\t\t\t\t\t\t\t\t\t\t\t\t<div class=\"col-12 section-content__content col-lg-4 col-lg-4\">\n\t\t\t\t\t\t<div class=\"split-text js-split-text\" data-split-text-type=\"lines\" data-split-text-set=\"lines\"><h6>Territorio<\/h6><p>Oltre al Nebbiolo da Barolo, la tenuta Cappallotto annovera anche vigneti a Merlot e Moscato, oltre a nocciole per la produzione della nota IGP Tonda e Gentile.<\/p><p>La cura dell\u2019ambiente rispetta scrupolosamente i canoni ancestrali della natura, salvaguardando l\u2019integrit\u00e0 del territorio dove siamo cresciuti. La sostenibilit\u00e0 in vigneto \u00e8 il nostro obiettivo primario.<\/p><\/div>\n\t\t\t\t\t<\/div>\n\t\t\t\t\t\t\t\t\t\t\t\t\t<div class=\"col-12 section-content__content col-lg-4\">\n\t\t\t\t\t\t<div class=\"split-text js-split-text\" data-split-text-type=\"lines\" data-split-text-set=\"lines\"><h6>Serralunga d'Alba<\/h6><p>Serralunga d\u2019Alba \u00e8 un piccolo paese di poco pi\u00f9 di 500 persone. Svetta in cima alla collina l\u2019imponente castello medioevale, unico nel suo genere.<\/p><p>Comune tra i pi\u00f9 noti degli 11 per la produzione del Barolo, ha nel suo speciale terroir le caratteristiche che lo rendono unico e riconoscibile nel mondo.<\/p><\/div>\n\t\t\t\t\t<\/div>\n\t\t\t\t\t\t\t<\/div>\n\t\t<\/div>\n\n\t\t\t\t\t\t<\/div>\n\t\t\t\t\t<\/div>\n\t\t<\/div>\n\t\t\t\t\t<\/div>\n\t\t<\/section>\n\t\t\t\t<section data-particle_enable=\"false\" data-particle-mobile-disabled=\"false\" class=\"elementor-section elementor-top-section elementor-element elementor-element-726d99b elementor-section-full_width container-fluid container-fluid_paddings bg-dark-2 elementor-section-height-default elementor-section-height-default\" data-id=\"726d99b\" data-element_type=\"section\" data-e-type=\"section\">\n\t\t\t\t\t\t<div class=\"elementor-container elementor-column-gap-no\">\n\t\t\t\t\t<div class=\"elementor-column elementor-col-100 elementor-top-column elementor-element elementor-element-21c0cd6\" data-id=\"21c0cd6\" data-element_type=\"column\" data-e-type=\"column\">\n\t\t\t<div class=\"elementor-widget-wrap elementor-element-populated\">\n\t\t\t\t\t\t<div class=\"elementor-element elementor-element-0e5874f elementor-widget elementor-widget-cassio-widget-parallax-background\" data-id=\"0e5874f\" data-element_type=\"widget\" data-e-type=\"widget\" data-widget_type=\"cassio-widget-parallax-background.default\">\n\t\t\t\t\t\n\t\t<div class=\"section section-image section text-center\">\n\t\t\t\t\t\t\t\t\t\t\t\t\t\t\t\t\t\t\t\t\t\t\t\t\t\t<div class=\"section-image__wrapper\" data-art-parallax=background data-art-parallax-factor=0.1>\n\t\t\t\t\t\t\t\t\t\t\t<div class=\"art-parallax__wrapper\">\n\t\t\t\t\t\t\t\t\t\t\t\t\t<img decoding=\"async\" class=\"art-parallax__bg lazy-bg of-cover\" src=\"data:image\/png;base64,iVBORw0KGgoAAAANSUhEUgAAAAEAAAABCAQAAAHCGzyUAAAABGdBTUEAALGPC\/xhBQAAADhlWElmTU0AKgAAAAgAAYdpAAQAAAABAAAAGgAAAAAAAqACAAQAAAABAAAAAaADAAQAAAABAAAAAQAAAADa6r\/EAAAAC0lEQVQI12NolQQAASYAn89qhTcAAAAASUVORK5CYII=\" data-src=\"https:\/\/villadoria.it\/wp-content\/uploads\/2023\/09\/vineyards-parallax-1.jpg\" data-srcset=\"https:\/\/villadoria.it\/wp-content\/uploads\/2023\/09\/vineyards-parallax-1.jpg 1920w, https:\/\/villadoria.it\/wp-content\/uploads\/2023\/09\/vineyards-parallax-1-300x169.jpg 300w, https:\/\/villadoria.it\/wp-content\/smush-avif\/2023\/09\/vineyards-parallax-1-600x338.jpg.avif 600w, https:\/\/villadoria.it\/wp-content\/uploads\/2023\/09\/vineyards-parallax-1-1024x576.jpg 1024w, https:\/\/villadoria.it\/wp-content\/uploads\/2023\/09\/vineyards-parallax-1-768x432.jpg 768w, https:\/\/villadoria.it\/wp-content\/uploads\/2023\/09\/vineyards-parallax-1-1536x864.jpg 1536w\" data-sizes=\"(max-width: 1920px) 100vw, 1920px\" alt=\"\"  \/>\n\t\t\t\t\t\t\t\t\t\t\t  <\/div>\n\t\t\t\t\t\t\t\t\t\t\t\t\t<\/div>\n\t\t\t\t\t\t\t\t\t\t\t\t\t\t\t\t\t\t\t<\/div>\n\n\t\t\t\t\t\t<\/div>\n\t\t\t\t\t<\/div>\n\t\t<\/div>\n\t\t\t\t\t<\/div>\n\t\t<\/section>\n\t\t\t\t<section data-particle_enable=\"false\" data-particle-mobile-disabled=\"false\" class=\"elementor-section elementor-top-section elementor-element elementor-element-92378d7 section_pt-xsmall section_pb-small bg-dark-2 container-fluid elementor-section-boxed elementor-section-height-default elementor-section-height-default\" data-id=\"92378d7\" data-element_type=\"section\" data-e-type=\"section\">\n\t\t\t\t\t\t<div class=\"elementor-container elementor-column-gap-no\">\n\t\t\t\t\t<div class=\"elementor-column elementor-col-100 elementor-top-column elementor-element elementor-element-b56fcc2\" data-id=\"b56fcc2\" data-element_type=\"column\" data-e-type=\"column\">\n\t\t\t<div class=\"elementor-widget-wrap elementor-element-populated\">\n\t\t\t\t\t\t<div class=\"elementor-element elementor-element-e286c37 elementor-widget elementor-widget-cassio-widget-content-block\" data-id=\"e286c37\" data-element_type=\"widget\" data-e-type=\"widget\" data-widget_type=\"cassio-widget-content-block.default\">\n\t\t\t\t\t\t\t<div class=\"section section-content section-content_stack\" data-os-animation=\"\">\n\t\t\t<div class=\"row justify-content-center\">\n\t\t\t\t<div class=\"col-12 section-content__header col-lg-11\">\n\t\t\t\t\t<div class=\"split-text js-split-text\" data-split-text-type=\"lines\" data-split-text-set=\"lines\"><h4 class=\"split-text__line\">\u00c8 tra queste dolci colline che si affaccia la cantina Villadoria, i cui vigneti si inerpicano alti da ovest verso il castello.<\/h4><\/div>\n\t\t\t\t\t\t\t\t\t<\/div>\n\t\t\t\t\t\t\t\t\t<div class=\"w-100\"><\/div>\n\t\t\t\t\t\t\t\t\t\t\t\t\t\t\t\t\t\t\t<\/div>\n\t\t<\/div>\n\n\t\t\t\t\t\t<\/div>\n\t\t\t\t\t<\/div>\n\t\t<\/div>\n\t\t\t\t\t<\/div>\n\t\t<\/section>\n\t\t\t\t<section data-particle_enable=\"false\" data-particle-mobile-disabled=\"false\" class=\"elementor-section elementor-top-section elementor-element elementor-element-e7090de elementor-section-full_width section_pt-xsmall section_pb-xsmall bg-dark-2 elementor-section-height-default elementor-section-height-default\" data-id=\"e7090de\" data-element_type=\"section\" data-e-type=\"section\">\n\t\t\t\t\t\t<div class=\"elementor-container elementor-column-gap-no\">\n\t\t\t\t\t<div class=\"elementor-column elementor-col-100 elementor-top-column elementor-element elementor-element-dd69766\" data-id=\"dd69766\" data-element_type=\"column\" data-e-type=\"column\">\n\t\t\t<div class=\"elementor-widget-wrap elementor-element-populated\">\n\t\t\t\t\t\t<div class=\"elementor-element elementor-element-ec1903c elementor-widget elementor-widget-cassio-widget-slider-images\" data-id=\"ec1903c\" data-element_type=\"widget\" data-e-type=\"widget\" data-settings=\"{&quot;slides_per_view&quot;:{&quot;unit&quot;:&quot;number&quot;,&quot;size&quot;:1.5,&quot;sizes&quot;:[]},&quot;space_between&quot;:{&quot;unit&quot;:&quot;px&quot;,&quot;size&quot;:60,&quot;sizes&quot;:[]},&quot;space_between_tablet&quot;:{&quot;unit&quot;:&quot;px&quot;,&quot;size&quot;:40,&quot;sizes&quot;:[]},&quot;space_between_mobile&quot;:{&quot;unit&quot;:&quot;px&quot;,&quot;size&quot;:20,&quot;sizes&quot;:[]},&quot;centered_slides&quot;:&quot;yes&quot;,&quot;slides_per_view_tablet&quot;:{&quot;unit&quot;:&quot;number&quot;,&quot;size&quot;:1.33,&quot;sizes&quot;:[]},&quot;slides_per_view_mobile&quot;:{&quot;unit&quot;:&quot;number&quot;,&quot;size&quot;:1.33,&quot;sizes&quot;:[]},&quot;centered_slides_tablet&quot;:true,&quot;centered_slides_mobile&quot;:true}\" data-widget_type=\"cassio-widget-slider-images.default\">\n\t\t\t\t\t\n\t\t<div class=\"slider slider-images slider-images_footer-top\">\n\t\t\t<div class=\"swiper swiper-container js-slider-images slider_draggable slider_vertical-centered\" data-speed=\"1200\" data-slides-per-view=\"1.5\" data-space-between=\"60\" data-centered-slides=\"yes\" data-touch-ratio=\"3\" data-counter-zeros=\"1\" data-slides-per-view-tablet=\"1.33\" data-slides-per-view-mobile=\"1.33\" data-space-between-tablet=\"40\" data-space-between-mobile=\"20\" data-centered-slides-tablet=\"true\" data-centered-slides-mobile=\"true\" data-autoplay-enabled=\"true\" data-autoplay-delay=\"6000\">\n\t\t\t\t<div class=\"swiper-wrapper\">\n\t\t\t\t\t\t\t\t\t\t\t\t\t\t\t\t\t\t<div class=\"swiper-slide slider__slide slider-images__slide\">\n\t\t\t\t\t\t\t\t<div class=\"slider__slide-inner slider-images__inner\">\n\t\t\t\t\t\t\t\t\t\t\t\t\t\t\t\t\t\t\t\t\t\t\t\t\t\t\t<img decoding=\"async\" class=\"swiper-lazy\" src=\"data:image\/png;base64,iVBORw0KGgoAAAANSUhEUgAAAAEAAAABCAQAAAHCGzyUAAAABGdBTUEAALGPC\/xhBQAAADhlWElmTU0AKgAAAAgAAYdpAAQAAAABAAAAGgAAAAAAAqACAAQAAAABAAAAAaADAAQAAAABAAAAAQAAAADa6r\/EAAAAC0lEQVQI12NolQQAASYAn89qhTcAAAAASUVORK5CYII=\" data-src=\"https:\/\/villadoria.it\/wp-content\/uploads\/2023\/10\/vineyards-gallery-4.jpg\" data-srcset=\"https:\/\/villadoria.it\/wp-content\/uploads\/2023\/10\/vineyards-gallery-4.jpg 1920w, https:\/\/villadoria.it\/wp-content\/smush-avif\/2023\/10\/vineyards-gallery-4-300x188.jpg.avif 300w, https:\/\/villadoria.it\/wp-content\/uploads\/2023\/10\/vineyards-gallery-4-600x375.jpg 600w, https:\/\/villadoria.it\/wp-content\/uploads\/2023\/10\/vineyards-gallery-4-1024x640.jpg 1024w, https:\/\/villadoria.it\/wp-content\/uploads\/2023\/10\/vineyards-gallery-4-768x480.jpg 768w, https:\/\/villadoria.it\/wp-content\/uploads\/2023\/10\/vineyards-gallery-4-1536x960.jpg 1536w\" data-sizes=\"(max-width: 1920px) 100vw, 1920px\" alt=\"\"  \/>\n\t\t\t\t\t\t\t\t\t\t\t\t\t\t\t\t\t\t\t\t\t\t\t\t\t\t\t\t<\/div>\n\t\t\t\t\t\t\t<\/div>\n\t\t\t\t\t\t\t\t\t\t\t\t\t<div class=\"swiper-slide slider__slide slider-images__slide\">\n\t\t\t\t\t\t\t\t<div class=\"slider__slide-inner slider-images__inner\">\n\t\t\t\t\t\t\t\t\t\t\t\t\t\t\t\t\t\t\t\t\t\t\t\t\t\t\t<img decoding=\"async\" class=\"swiper-lazy\" src=\"data:image\/png;base64,iVBORw0KGgoAAAANSUhEUgAAAAEAAAABCAQAAAHCGzyUAAAABGdBTUEAALGPC\/xhBQAAADhlWElmTU0AKgAAAAgAAYdpAAQAAAABAAAAGgAAAAAAAqACAAQAAAABAAAAAaADAAQAAAABAAAAAQAAAADa6r\/EAAAAC0lEQVQI12NolQQAASYAn89qhTcAAAAASUVORK5CYII=\" data-src=\"https:\/\/villadoria.it\/wp-content\/uploads\/2023\/10\/vineyards-gallery-5.jpg\" data-srcset=\"https:\/\/villadoria.it\/wp-content\/uploads\/2023\/10\/vineyards-gallery-5.jpg 1920w, https:\/\/villadoria.it\/wp-content\/uploads\/2023\/10\/vineyards-gallery-5-300x188.jpg 300w, https:\/\/villadoria.it\/wp-content\/smush-avif\/2023\/10\/vineyards-gallery-5-600x375.jpg.avif 600w, https:\/\/villadoria.it\/wp-content\/smush-avif\/2023\/10\/vineyards-gallery-5-1024x640.jpg.avif 1024w, https:\/\/villadoria.it\/wp-content\/smush-avif\/2023\/10\/vineyards-gallery-5-768x480.jpg.avif 768w, https:\/\/villadoria.it\/wp-content\/uploads\/2023\/10\/vineyards-gallery-5-1536x960.jpg 1536w\" data-sizes=\"(max-width: 1920px) 100vw, 1920px\" alt=\"\"  \/>\n\t\t\t\t\t\t\t\t\t\t\t\t\t\t\t\t\t\t\t\t\t\t\t\t\t\t\t\t<\/div>\n\t\t\t\t\t\t\t<\/div>\n\t\t\t\t\t\t\t\t\t\t\t\t\t<div class=\"swiper-slide slider__slide slider-images__slide\">\n\t\t\t\t\t\t\t\t<div class=\"slider__slide-inner slider-images__inner\">\n\t\t\t\t\t\t\t\t\t\t\t\t\t\t\t\t\t\t\t\t\t\t\t\t\t\t\t<img decoding=\"async\" class=\"swiper-lazy\" src=\"data:image\/png;base64,iVBORw0KGgoAAAANSUhEUgAAAAEAAAABCAQAAAHCGzyUAAAABGdBTUEAALGPC\/xhBQAAADhlWElmTU0AKgAAAAgAAYdpAAQAAAABAAAAGgAAAAAAAqACAAQAAAABAAAAAaADAAQAAAABAAAAAQAAAADa6r\/EAAAAC0lEQVQI12NolQQAASYAn89qhTcAAAAASUVORK5CYII=\" data-src=\"https:\/\/villadoria.it\/wp-content\/uploads\/2023\/09\/vineyards-gallery-2-1.jpg\" data-srcset=\"https:\/\/villadoria.it\/wp-content\/uploads\/2023\/09\/vineyards-gallery-2-1.jpg 1920w, https:\/\/villadoria.it\/wp-content\/uploads\/2023\/09\/vineyards-gallery-2-1-300x188.jpg 300w, https:\/\/villadoria.it\/wp-content\/smush-avif\/2023\/09\/vineyards-gallery-2-1-600x375.jpg.avif 600w, https:\/\/villadoria.it\/wp-content\/uploads\/2023\/09\/vineyards-gallery-2-1-1024x640.jpg 1024w, https:\/\/villadoria.it\/wp-content\/uploads\/2023\/09\/vineyards-gallery-2-1-768x480.jpg 768w, https:\/\/villadoria.it\/wp-content\/uploads\/2023\/09\/vineyards-gallery-2-1-1536x960.jpg 1536w\" data-sizes=\"(max-width: 1920px) 100vw, 1920px\" alt=\"\"  \/>\n\t\t\t\t\t\t\t\t\t\t\t\t\t\t\t\t\t\t\t\t\t\t\t\t\t\t\t\t<\/div>\n\t\t\t\t\t\t\t<\/div>\n\t\t\t\t\t\t\t\t\t\t\t\t\t<div class=\"swiper-slide slider__slide slider-images__slide\">\n\t\t\t\t\t\t\t\t<div class=\"slider__slide-inner slider-images__inner\">\n\t\t\t\t\t\t\t\t\t\t\t\t\t\t\t\t\t\t\t\t\t\t\t\t\t\t\t<img decoding=\"async\" class=\"swiper-lazy\" src=\"data:image\/png;base64,iVBORw0KGgoAAAANSUhEUgAAAAEAAAABCAQAAAHCGzyUAAAABGdBTUEAALGPC\/xhBQAAADhlWElmTU0AKgAAAAgAAYdpAAQAAAABAAAAGgAAAAAAAqACAAQAAAABAAAAAaADAAQAAAABAAAAAQAAAADa6r\/EAAAAC0lEQVQI12NolQQAASYAn89qhTcAAAAASUVORK5CYII=\" data-src=\"https:\/\/villadoria.it\/wp-content\/uploads\/2023\/09\/vineyards-gallery-3-1.jpg\" data-srcset=\"https:\/\/villadoria.it\/wp-content\/uploads\/2023\/09\/vineyards-gallery-3-1.jpg 1920w, https:\/\/villadoria.it\/wp-content\/uploads\/2023\/09\/vineyards-gallery-3-1-300x188.jpg 300w, https:\/\/villadoria.it\/wp-content\/uploads\/2023\/09\/vineyards-gallery-3-1-600x375.jpg 600w, https:\/\/villadoria.it\/wp-content\/uploads\/2023\/09\/vineyards-gallery-3-1-1024x640.jpg 1024w, https:\/\/villadoria.it\/wp-content\/uploads\/2023\/09\/vineyards-gallery-3-1-768x480.jpg 768w, https:\/\/villadoria.it\/wp-content\/uploads\/2023\/09\/vineyards-gallery-3-1-1536x960.jpg 1536w\" data-sizes=\"(max-width: 1920px) 100vw, 1920px\" alt=\"\"  \/>\n\t\t\t\t\t\t\t\t\t\t\t\t\t\t\t\t\t\t\t\t\t\t\t\t\t\t\t\t<\/div>\n\t\t\t\t\t\t\t<\/div>\n\t\t\t\t\t\t\t\t\t\t\t\t\t<div class=\"swiper-slide slider__slide slider-images__slide\">\n\t\t\t\t\t\t\t\t<div class=\"slider__slide-inner slider-images__inner\">\n\t\t\t\t\t\t\t\t\t\t\t\t\t\t\t\t\t\t\t\t\t\t\t\t\t\t\t<img decoding=\"async\" class=\"swiper-lazy\" src=\"data:image\/png;base64,iVBORw0KGgoAAAANSUhEUgAAAAEAAAABCAQAAAHCGzyUAAAABGdBTUEAALGPC\/xhBQAAADhlWElmTU0AKgAAAAgAAYdpAAQAAAABAAAAGgAAAAAAAqACAAQAAAABAAAAAaADAAQAAAABAAAAAQAAAADa6r\/EAAAAC0lEQVQI12NolQQAASYAn89qhTcAAAAASUVORK5CYII=\" data-src=\"https:\/\/villadoria.it\/wp-content\/uploads\/2023\/09\/vineyards-gallery-1-1.jpg\" data-srcset=\"https:\/\/villadoria.it\/wp-content\/uploads\/2023\/09\/vineyards-gallery-1-1.jpg 1920w, https:\/\/villadoria.it\/wp-content\/uploads\/2023\/09\/vineyards-gallery-1-1-300x188.jpg 300w, https:\/\/villadoria.it\/wp-content\/uploads\/2023\/09\/vineyards-gallery-1-1-600x375.jpg 600w, https:\/\/villadoria.it\/wp-content\/uploads\/2023\/09\/vineyards-gallery-1-1-1024x640.jpg 1024w, https:\/\/villadoria.it\/wp-content\/uploads\/2023\/09\/vineyards-gallery-1-1-768x480.jpg 768w, https:\/\/villadoria.it\/wp-content\/uploads\/2023\/09\/vineyards-gallery-1-1-1536x960.jpg 1536w\" data-sizes=\"(max-width: 1920px) 100vw, 1920px\" alt=\"\"  \/>\n\t\t\t\t\t\t\t\t\t\t\t\t\t\t\t\t\t\t\t\t\t\t\t\t\t\t\t\t<\/div>\n\t\t\t\t\t\t\t<\/div>\n\t\t\t\t\t\t\t\t\t\t\t\t\t\t\t<\/div>\n\t\t\t<\/div>\n\t\t\t<div class=\"container-fluid slider-images__footer\">\n\t\t\t\t<div class=\"row align-items-center justify-content-between\">\n\t\t\t\t\t\t\t\t\t\t\t<div class=\"col-auto col-md-4 text-left slider__footer-col order-md-1 order-1 text-left\">\n\t\t\t\t\t\t\t<div class=\"slider__arrows\">\n\t\t\t\t\t\t\t\t<div class=\"slider__arrow js-slider-images__prev\"><i class=\"material-icons\">keyboard_arrow_left<\/i><\/div>\n\t\t\t\t\t\t\t\t<div class=\"slider__arrows-divider\"><\/div>\n\t\t\t\t\t\t\t\t<div class=\"slider__arrow js-slider-images__next\"><i class=\"material-icons\">keyboard_arrow_right<\/i><\/div>\n\t\t\t\t\t\t\t<\/div>\n\t\t\t\t\t\t<\/div>\n\t\t\t\t\t\t<!-- - slider nav arrows -->\n\t\t\t\t\t\t\t\t\t\t\t\t\t\t\t\t \n\t\t\t\t\t\t\t<div class=\"col-auto col-md-4 text-center slider__footer-col d-none d-md-block order-md-3 order-2\">\n\t\t\t\t\t\t\t\t<div class=\"slider__dots js-slider-images__dots\">\n\t\t\t\t\t\t\t\t\t<div class=\"slider__dot slider__dot_active\">\n\t\t\t\t\t\t\t\t\t\t<svg viewBox=\"0 0 152 152\" version=\"1.1\" xmlns=\"http:\/\/www.w3.org\/2000\/svg\" xmlns:xlink=\"http:\/\/www.w3.org\/1999\/xlink\">\n\t\t\t\t\t\t\t\t\t\t\t<g fill=\"none\" fill-rule=\"evenodd\">\n\t\t\t\t\t\t\t\t\t\t\t\t<g transform=\"translate(-134.000000, -98.000000)\">\n\t\t\t\t\t\t\t\t\t\t\t\t\t<path class=\"circle\" d=\"M135,174a75,75 0 1,0 150,0a75,75 0 1,0 -150,0\"><\/path>\n\t\t\t\t\t\t\t\t\t\t\t\t<\/g>\n\t\t\t\t\t\t\t\t\t\t\t<\/g>\n\t\t\t\t\t\t\t\t\t\t<\/svg>\n\t\t\t\t\t\t\t\t\t<\/div>\n\t\t\t\t\t\t\t\t\t<div class=\"slider__dot\">\n\t\t\t\t\t\t\t\t\t\t<svg viewBox=\"0 0 152 152\" version=\"1.1\" xmlns=\"http:\/\/www.w3.org\/2000\/svg\" xmlns:xlink=\"http:\/\/www.w3.org\/1999\/xlink\">\n\t\t\t\t\t\t\t\t\t\t\t<g fill=\"none\" fill-rule=\"evenodd\">\n\t\t\t\t\t\t\t\t\t\t\t\t<g transform=\"translate(-134.000000, -98.000000)\">\n\t\t\t\t\t\t\t\t\t\t\t\t\t<path class=\"circle\" d=\"M135,174a75,75 0 1,0 150,0a75,75 0 1,0 -150,0\"><\/path>\n\t\t\t\t\t\t\t\t\t\t\t\t<\/g>\n\t\t\t\t\t\t\t\t\t\t\t<\/g>\n\t\t\t\t\t\t\t\t\t\t<\/svg>\n\t\t\t\t\t\t\t\t\t<\/div>\n\t\t\t\t\t\t\t\t<\/div>\n\t\t\t\t\t\t\t<\/div>\n\t\t\t\t\t\t<!-- - slider nav dots -->\n\t\t\t\t\t\t\t\t\t\t\t\t\t\t\t\t\t\t\t\t\t\t<div class=\"col-auto col-md-4 slider-images__footer-col order-md-3 order-2 text-right\">\n\t\t\t\t\t\t\t<div class=\"slider__progress\">\n\t\t\t\t\t\t\t\t<div class=\"swiper swiper-container slider__counter slider__counter_current js-slider-images__counter-current\">\n\t\t\t\t\t\t\t\t\t<div class=\"swiper-wrapper\"><\/div>\n\t\t\t\t\t\t\t\t<\/div>\n\t\t\t\t\t\t\t\t<div class=\"slider__counter-divider\"><\/div>\n\t\t\t\t\t\t\t\t<div class=\"slider__counter slider__counter_total js-slider-images__counter-total\">001<\/div>\n\t\t\t\t\t\t\t<\/div>\n\t\t\t\t\t\t<\/div>\n\t\t\t\t\t\t<!-- - slider counter -->\n\t\t\t\t\t\t\t\t\t<\/div>\n\t\t\t<\/div>\n\t\t<\/div>\n\n\t\t\t\t\t\t<\/div>\n\t\t\t\t\t<\/div>\n\t\t<\/div>\n\t\t\t\t\t<\/div>\n\t\t<\/section>\n\t\t\t\t<\/div>\n\t\t","protected":false},"excerpt":{"rendered":"<p>I vigneti sono il nostro patrimonio pi\u00f9 importante. Per la gran parte coltivati a Nebbiolo da Barolo, si estendono sul versante ovest delle colline di Serralunga d\u2019Alba, teatro privilegiato per la produzione di vini di qualit\u00e0. Territorio Oltre al Nebbiolo da Barolo, la tenuta Cappallotto annovera anche vigneti a Merlot e Moscato, oltre a nocciole [&hellip;]<\/p>\n","protected":false},"author":1,"featured_media":27728,"parent":0,"menu_order":0,"comment_status":"closed","ping_status":"closed","template":"","meta":{"_acf_changed":false,"footnotes":""},"class_list":["post-24584","page","type-page","status-publish","has-post-thumbnail","hentry"],"acf":[],"_links":{"self":[{"href":"https:\/\/villadoria.it\/it\/wp-json\/wp\/v2\/pages\/24584","targetHints":{"allow":["GET"]}}],"collection":[{"href":"https:\/\/villadoria.it\/it\/wp-json\/wp\/v2\/pages"}],"about":[{"href":"https:\/\/villadoria.it\/it\/wp-json\/wp\/v2\/types\/page"}],"author":[{"embeddable":true,"href":"https:\/\/villadoria.it\/it\/wp-json\/wp\/v2\/users\/1"}],"replies":[{"embeddable":true,"href":"https:\/\/villadoria.it\/it\/wp-json\/wp\/v2\/comments?post=24584"}],"version-history":[{"count":0,"href":"https:\/\/villadoria.it\/it\/wp-json\/wp\/v2\/pages\/24584\/revisions"}],"wp:featuredmedia":[{"embeddable":true,"href":"https:\/\/villadoria.it\/it\/wp-json\/wp\/v2\/media\/27728"}],"wp:attachment":[{"href":"https:\/\/villadoria.it\/it\/wp-json\/wp\/v2\/media?parent=24584"}],"curies":[{"name":"wp","href":"https:\/\/api.w.org\/{rel}","templated":true}]}}